{"id":885,"date":"2020-12-06T10:55:47","date_gmt":"2020-12-06T09:55:47","guid":{"rendered":"http:\/\/wscb.at\/?page_id=885"},"modified":"2020-12-06T10:55:48","modified_gmt":"2020-12-06T09:55:48","slug":"florida-2018","status":"publish","type":"page","link":"http:\/\/wscb.at\/?page_id=885","title":{"rendered":"Florida 2018"},"content":{"rendered":"<p><img loading=\"lazy\" class=\"alignleft size-medium wp-image-768\" src=\"http:\/\/wscb.at\/wp-content\/uploads\/2019\/01\/1510-300x225.jpg\" alt=\"\" width=\"300\" height=\"225\" srcset=\"http:\/\/wscb.at\/wp-content\/uploads\/2019\/01\/1510-300x225.jpg 300w, http:\/\/wscb.at\/wp-content\/uploads\/2019\/01\/1510-768x576.jpg 768w, http:\/\/wscb.at\/wp-content\/uploads\/2019\/01\/1510-1024x768.jpg 1024w, http:\/\/wscb.at\/wp-content\/uploads\/2019\/01\/1510.jpg 2048w\" sizes=\"(max-width: 300px) 100vw, 300px\" \/>Nach 7 Jahren war es wieder soweit. Philip, Martin, Michi und ich flogen am 6. November nach Orlando um eine Woche lang bei Franz zu trainieren. Am Flughafen haben wir uns mit Freund Tom aus Michigan getroffen, der eine etwas k\u00fcrzere Anreise hatte als wir. Gemeinsam fuhren wir ins Camp, wo Franz schon auf uns wartete. Am n\u00e4chsten Tag ging es gleich los. Wir konnten es kaum erwarten die Arena zu betreten. Wir wussten schon vorab, dass es dieses Jahr genug Wasser haben sollte, aber wir waren doch sehr angenehm \u00fcberrascht als wir den hohen Stand und die neue Steganlage sahen. Auch eine neue Zugmaschine mit sagenhaften 430PS und einer sehr guten Heckwelle, was ich vom vorherigen Mastercraft Modell nicht sagen konnte. Das sp\u00fcren vor allem L\u00e4ufer mit 16m und mehr Leine. Das Training verlief dann wie von mir erwartet: Michi und Philip haben sich schnell eingelebt und gesteigert. Philip hat aber dann doch mit einer H\u00f6chstleistung von 4@10,75m ordentlich aufh\u00f6ren lassen. 12m war \u00fcberhaupt kein Problem mehr und er ist mehrmals am Tag in den 11er gefahren! Michi war kontinurlich im 14er <img loading=\"lazy\" class=\"size-medium wp-image-776 alignright\" src=\"http:\/\/wscb.at\/wp-content\/uploads\/2019\/01\/214-300x225.jpg\" alt=\"\" width=\"300\" height=\"225\" srcset=\"http:\/\/wscb.at\/wp-content\/uploads\/2019\/01\/214-300x225.jpg 300w, http:\/\/wscb.at\/wp-content\/uploads\/2019\/01\/214-768x576.jpg 768w, http:\/\/wscb.at\/wp-content\/uploads\/2019\/01\/214-1024x768.jpg 1024w\" sizes=\"(max-width: 300px) 100vw, 300px\" \/>unterwegs und hat mit 4@13m seine H\u00f6chstlatte gesetzt. Martin war Anfangs mit 46 und 49 unterwegs und hat sich im laufe der Woche auf 52 gesteigert und den schliesslich zu gemacht. Tom war haupts\u00e4chlich im 16er unterwegs und ist gelegentlich 14m gefahren. Auch er hatte mit seinem Gewicht zu k\u00e4mpfen wie ich. Mir war aber im vorhinein klar dass ich keine neue H\u00f6chstleistung aufstellen werde. Obwohl ich bem\u00fcht war mit wenig Kraft zu fahren, was nur hypothetisch m\u00f6glich ist, hatte ich die Leine bei der 2. Fahrt abgerissen, welche eine Woche davor noch Mike Kjellander ausgehalten hatte. Ob das ein gutes Zeichen ist, lassen wir mal dahingestellt. Daher habe ich viel im 52er trainiert und mich auf die richtige Technik konzentriert, konnte aber dann zum richtigen Zeitpunkt 3@16 erreichen. Wettertechnisch hatten wir die ganze Woche durch bei 30 Grad und wenig Wind ein perfektes Training. Einzige Ausnahme war Samstag, da hatten wir onhehin eine Auszeit geplannt und Daytona besucht. Am Abend waren wir dann s\u00fcdlich von Daytona auf einem kleinen <img loading=\"lazy\" class=\"alignleft size-medium wp-image-771\" src=\"http:\/\/wscb.at\/wp-content\/uploads\/2019\/01\/1274-300x225.jpg\" alt=\"\" width=\"300\" height=\"225\" srcset=\"http:\/\/wscb.at\/wp-content\/uploads\/2019\/01\/1274-300x225.jpg 300w, http:\/\/wscb.at\/wp-content\/uploads\/2019\/01\/1274-768x576.jpg 768w, http:\/\/wscb.at\/wp-content\/uploads\/2019\/01\/1274-1024x768.jpg 1024w\" sizes=\"(max-width: 300px) 100vw, 300px\" \/>Rundkursrennen. Es gab viel Aktion auf der Strecke und V8 Sound vom Feinsten. Und so war die Woche wieder relativ schnell vorbei. Ausgepowered und leicht lediert tratten wir wieder die Heimreise an. Es besteht durchaus die M\u00f6glichkeit, dass wir eines Tages zur\u00fcckkommen. <a href=\"http:\/\/wscb.at\/?bwg_gallery=florida-2018\" target=\"_blank\" rel=\"noopener\">Fotogallerie<\/a><\/p>\n<p><a href=\"http:\/\/wscb.at\/?page_id=109\">&lt;&lt; Zur\u00fcck<\/a><\/p>\n","protected":false},"excerpt":{"rendered":"<p>Nach 7 Jahren war es wieder soweit. Philip, Martin, Michi und ich flogen am 6. November nach Orlando um eine Woche lang bei Franz zu trainieren. Am Flughafen haben wir uns mit Freund Tom aus Michigan getroffen, der eine etwas k\u00fcrzere Anreise hatte als wir. Gemeinsam fuhren wir ins Camp, wo Franz schon auf uns [&hellip;]<\/p>\n","protected":false},"author":2,"featured_media":0,"parent":109,"menu_order":0,"comment_status":"closed","ping_status":"closed","template":"","meta":[],"_links":{"self":[{"href":"http:\/\/wscb.at\/index.php?rest_route=\/wp\/v2\/pages\/885"}],"collection":[{"href":"http:\/\/wscb.at\/index.php?rest_route=\/wp\/v2\/pages"}],"about":[{"href":"http:\/\/wscb.at\/index.php?rest_route=\/wp\/v2\/types\/page"}],"author":[{"embeddable":true,"href":"http:\/\/wscb.at\/index.php?rest_route=\/wp\/v2\/users\/2"}],"replies":[{"embeddable":true,"href":"http:\/\/wscb.at\/index.php?rest_route=%2Fwp%2Fv2%2Fcomments&post=885"}],"version-history":[{"count":3,"href":"http:\/\/wscb.at\/index.php?rest_route=\/wp\/v2\/pages\/885\/revisions"}],"predecessor-version":[{"id":888,"href":"http:\/\/wscb.at\/index.php?rest_route=\/wp\/v2\/pages\/885\/revisions\/888"}],"up":[{"embeddable":true,"href":"http:\/\/wscb.at\/index.php?rest_route=\/wp\/v2\/pages\/109"}],"wp:attachment":[{"href":"http:\/\/wscb.at\/index.php?rest_route=%2Fwp%2Fv2%2Fmedia&parent=885"}],"curies":[{"name":"wp","href":"https:\/\/api.w.org\/{rel}","templated":true}]}}