{"id":877,"date":"2020-12-06T10:44:53","date_gmt":"2020-12-06T09:44:53","guid":{"rendered":"http:\/\/wscb.at\/?page_id=877"},"modified":"2020-12-06T10:56:31","modified_gmt":"2020-12-06T09:56:31","slug":"flo-auf-kaerntner-meisterschaften-2018","status":"publish","type":"page","link":"http:\/\/wscb.at\/?page_id=877","title":{"rendered":"Flo auf K\u00e4rntner Meisterschaften 2018"},"content":{"rendered":"<p><img loading=\"lazy\" width=\"300\" height=\"191\" class=\"alignleft size-medium wp-image-732\" alt=\"\" src=\"http:\/\/wscb.at\/wp-content\/uploads\/2018\/12\/DSC_0271-300x191.jpg\" srcset=\"http:\/\/wscb.at\/wp-content\/uploads\/2018\/12\/DSC_0271-300x191.jpg 300w, http:\/\/wscb.at\/wp-content\/uploads\/2018\/12\/DSC_0271-768x489.jpg 768w, http:\/\/wscb.at\/wp-content\/uploads\/2018\/12\/DSC_0271-1024x652.jpg 1024w, http:\/\/wscb.at\/wp-content\/uploads\/2018\/12\/DSC_0271.jpg 2015w\" sizes=\"(max-width: 300px) 100vw, 300px\" \/>Wie die meisten von uns wissen, f\u00e4hrt Flo jedes Jahr zum Sommerurlaub nach K\u00e4rnten. Dort f\u00e4hrt er beim Wasserskiclub Seeboden bei etwas besseren Bedingungen als wir Zuhause. Auch dieses Jahr war er wieder dort und n\u00fctzte die Gelegenheit bei den K\u00e4rntner Meisterschaften in Lendorf teilzunehmen. Diese tolle Anlage ist nur ca. 10km von Seeboden am Millst\u00e4ttersee entfernt.&nbsp;&nbsp;Nachdem Flo auch nicht mehr der J\u00fcngste ist, ist er in der Altersklasse Senioren 2 angetreten.&nbsp;Am Samstag den 4. August war Training angesagt. Auch wenn Flo zu unseren Top-Fahrern geh\u00f6rt, ein vor Ort Training ist nicht verkehrt um sich an die Gegebenheiten anzupassen.&nbsp;Am n\u00e4chsten Tag war dann der Wettkampf, bei dem er im Slalom 1,5@12m und fast 2000 Punkte beim Trickfahren geholt. Mit diesem Ergebnis hat er in beiden Disziplinen Rang 2 erklommen. Chapeau Flo!&nbsp;Nur beim Sprungwettbewerb konnte er nicht teilnehmen. Genaue Gr\u00fcnde liegen uns nicht vor, aber wir haben unsere Spekulationen. <a href=\"http:\/\/wscb.at\/?bwg_gallery=flo-auf-kaerntner-meisterschaften-2018\" target=\"_blank\" rel=\"noopener\">Fotogallerie<\/a><\/p>\n<p><a href=\"http:\/\/wscb.at\/?page_id=109\">&lt;&lt; Zur\u00fcck<\/a><\/p>\n","protected":false},"excerpt":{"rendered":"<p>Wie die meisten von uns wissen, f\u00e4hrt Flo jedes Jahr zum Sommerurlaub nach K\u00e4rnten. Dort f\u00e4hrt er beim Wasserskiclub Seeboden bei etwas besseren Bedingungen als wir Zuhause. Auch dieses Jahr war er wieder dort und n\u00fctzte die Gelegenheit bei den K\u00e4rntner Meisterschaften in Lendorf teilzunehmen. Diese tolle Anlage ist nur ca. 10km von Seeboden am [&hellip;]<\/p>\n","protected":false},"author":2,"featured_media":0,"parent":109,"menu_order":1,"comment_status":"closed","ping_status":"closed","template":"","meta":[],"_links":{"self":[{"href":"http:\/\/wscb.at\/index.php?rest_route=\/wp\/v2\/pages\/877"}],"collection":[{"href":"http:\/\/wscb.at\/index.php?rest_route=\/wp\/v2\/pages"}],"about":[{"href":"http:\/\/wscb.at\/index.php?rest_route=\/wp\/v2\/types\/page"}],"author":[{"embeddable":true,"href":"http:\/\/wscb.at\/index.php?rest_route=\/wp\/v2\/users\/2"}],"replies":[{"embeddable":true,"href":"http:\/\/wscb.at\/index.php?rest_route=%2Fwp%2Fv2%2Fcomments&post=877"}],"version-history":[{"count":5,"href":"http:\/\/wscb.at\/index.php?rest_route=\/wp\/v2\/pages\/877\/revisions"}],"predecessor-version":[{"id":889,"href":"http:\/\/wscb.at\/index.php?rest_route=\/wp\/v2\/pages\/877\/revisions\/889"}],"up":[{"embeddable":true,"href":"http:\/\/wscb.at\/index.php?rest_route=\/wp\/v2\/pages\/109"}],"wp:attachment":[{"href":"http:\/\/wscb.at\/index.php?rest_route=%2Fwp%2Fv2%2Fmedia&parent=877"}],"curies":[{"name":"wp","href":"https:\/\/api.w.org\/{rel}","templated":true}]}}