{"id":482,"date":"2018-01-21T13:29:37","date_gmt":"2018-01-21T12:29:37","guid":{"rendered":"http:\/\/wscb.at\/?page_id=482"},"modified":"2018-02-21T18:31:58","modified_gmt":"2018-02-21T17:31:58","slug":"heckwellentunning-2003","status":"publish","type":"page","link":"http:\/\/wscb.at\/?page_id=482","title":{"rendered":"Heckwellentuning 2003"},"content":{"rendered":"<p>Da unser Boot leider nicht mehr das Neueste ist, wie schon gesagt Baujahr 1989, hat und hatte unser Bootswart Richard genannt Richi alle H\u00e4nde voll zu tun das Boot wettkampftauglich zu machen. Dies ist ihm \u00fcber die ganzen Jahre hervorragend gelungen. Nun m\u00f6chte ich aber genauer auf das Thema Heckwellenverbesserung am Boot eingehen. Wie vielleicht mancher weiss hat das Ski Nautique 2001 ein sehr, sehr schmales Heck und dadurch vor allem bei niedrigen Geschwindigkeiten eine sehr hohe Welle. Das war anfangs f\u00fcr uns das gr\u00f6\u00dfte Problem da alle L\u00e4ufer \u00fcber die Heckwelle sprangen und dadurch die f\u00fcrs Slalomfahren wichtige &#8222;H\u00f6he &#8220; verloren. Diese Situation war f\u00fcr Richi nicht zufriedenstellend uns so erfolgten die ersten Versuche die Heckwelle flacher zu machen. Es wurden mehrere Testversuche gefahren welche \u00fcber Keil bis hin zur Sprayleiste f\u00fchrten. Beim Letzteren sind wir dann geblieben. Die Leiste wurde also endg\u00fcltig montiert und alle waren bei den ersten Testfahrten von der neuen Heckwelle begeistert. Ver\u00e4ndert hat sich nicht nur die H\u00f6he sondern auch die Kante der Welle wurde viel viel runder und somit angenehmer mit dem Ski zu schneiden.<br \/>\n<img loading=\"lazy\" class=\"alignnone size-medium wp-image-483\" src=\"http:\/\/wscb.at\/wp-content\/uploads\/2018\/01\/Heckwellentunning-2003-300x225.jpg\" alt=\"\" width=\"300\" height=\"225\" srcset=\"http:\/\/wscb.at\/wp-content\/uploads\/2018\/01\/Heckwellentunning-2003-300x225.jpg 300w, http:\/\/wscb.at\/wp-content\/uploads\/2018\/01\/Heckwellentunning-2003.jpg 384w\" sizes=\"(max-width: 300px) 100vw, 300px\" \/><br \/>\nHier sieht man die montierte Leiste die das Heck des Bootes verbreitert und es dadurch mehr aus dem Wasser hebt.\u00a0 Wir k\u00f6nnen heute mit gutem Gewissen sagen, dass die optimierte Heckwelle den der neuen Boote von Correct Craft nichts nachsteht. Dies hat sich auch bei den erbrachten Wasserskileistungen wider-gespiegelt, welche deutlich besser wurden. Nochmals einen Dank an unseren Bootswart der eine relativ einfache und preisg\u00fcnstige aber sehr, sehr effiziente L\u00f6sung gefunden hat.<\/p>\n<p><a href=\"http:\/\/wscb.at\/?page_id=109\">&lt;&lt; Zur\u00fcck<\/a><\/p>\n","protected":false},"excerpt":{"rendered":"<p>Da unser Boot leider nicht mehr das Neueste ist, wie schon gesagt Baujahr 1989, hat und hatte unser Bootswart Richard genannt Richi alle H\u00e4nde voll zu tun das Boot wettkampftauglich zu machen. Dies ist ihm \u00fcber die ganzen Jahre hervorragend gelungen. Nun m\u00f6chte ich aber genauer auf das Thema Heckwellenverbesserung am Boot eingehen. Wie vielleicht [&hellip;]<\/p>\n","protected":false},"author":2,"featured_media":0,"parent":109,"menu_order":20,"comment_status":"closed","ping_status":"closed","template":"","meta":[],"_links":{"self":[{"href":"http:\/\/wscb.at\/index.php?rest_route=\/wp\/v2\/pages\/482"}],"collection":[{"href":"http:\/\/wscb.at\/index.php?rest_route=\/wp\/v2\/pages"}],"about":[{"href":"http:\/\/wscb.at\/index.php?rest_route=\/wp\/v2\/types\/page"}],"author":[{"embeddable":true,"href":"http:\/\/wscb.at\/index.php?rest_route=\/wp\/v2\/users\/2"}],"replies":[{"embeddable":true,"href":"http:\/\/wscb.at\/index.php?rest_route=%2Fwp%2Fv2%2Fcomments&post=482"}],"version-history":[{"count":3,"href":"http:\/\/wscb.at\/index.php?rest_route=\/wp\/v2\/pages\/482\/revisions"}],"predecessor-version":[{"id":623,"href":"http:\/\/wscb.at\/index.php?rest_route=\/wp\/v2\/pages\/482\/revisions\/623"}],"up":[{"embeddable":true,"href":"http:\/\/wscb.at\/index.php?rest_route=\/wp\/v2\/pages\/109"}],"wp:attachment":[{"href":"http:\/\/wscb.at\/index.php?rest_route=%2Fwp%2Fv2%2Fmedia&parent=482"}],"curies":[{"name":"wp","href":"https:\/\/api.w.org\/{rel}","templated":true}]}}