{"id":461,"date":"2018-01-20T20:08:42","date_gmt":"2018-01-20T19:08:42","guid":{"rendered":"http:\/\/wscb.at\/?page_id=461"},"modified":"2018-02-19T19:55:20","modified_gmt":"2018-02-19T18:55:20","slug":"wakeboardstange-selbstgebaut","status":"publish","type":"page","link":"http:\/\/wscb.at\/?page_id=461","title":{"rendered":"Wakeboardstange 2005"},"content":{"rendered":"<p><span style=\"color: black; font-family: 'Verdana',sans-serif; font-size: 9pt;\">Auch in einem renommierten Slalom Club geht der Trend der Zeit nicht ohne Spuren vorbei. Vermehrte Anfragen<img loading=\"lazy\" class=\"size-medium wp-image-463 alignright\" src=\"http:\/\/wscb.at\/wp-content\/uploads\/2018\/01\/Wakeboardstange_1-300x258.jpg\" alt=\"\" width=\"300\" height=\"258\" srcset=\"http:\/\/wscb.at\/wp-content\/uploads\/2018\/01\/Wakeboardstange_1-300x258.jpg 300w, http:\/\/wscb.at\/wp-content\/uploads\/2018\/01\/Wakeboardstange_1.jpg 618w\" sizes=\"(max-width: 300px) 100vw, 300px\" \/> von Neueinsteigern nach Wakeboard Ausr\u00fcstung lie\u00dfen uns kurzerhand den Entschluss treffen: Eine Wakeboardstange muss her! Was ich aber auf dem Markt in unserer Umgebung so sah erfreute mich alles andere als sehr. Nat\u00fcrlich, als reiner Wakeboardclub w\u00fcrden wir uns ein Boot mit einem Tower organisieren. Es gab daher nur die M\u00f6glichkeit selbst was zu machen. Was sollte sie alles k\u00f6nnen? Leicht, schnell und einfach zum Installieren, stabil und kosten sollte sie auch nichts. Das Ergebnis l\u00e4sst sich glaube sehen. Sie wiegt ca. 3 kg, l\u00e4sst sich einfach und schnell montieren, und vor allem ist sie gegen\u00fcber handels\u00fcblichen Masten nicht nur nach vorne, sondern auch <img loading=\"lazy\" class=\"size-medium wp-image-462 alignleft\" src=\"http:\/\/wscb.at\/wp-content\/uploads\/2018\/01\/Wakeboardstange_2-300x219.jpg\" alt=\"\" width=\"300\" height=\"219\" srcset=\"http:\/\/wscb.at\/wp-content\/uploads\/2018\/01\/Wakeboardstange_2-300x219.jpg 300w, http:\/\/wscb.at\/wp-content\/uploads\/2018\/01\/Wakeboardstange_2-768x560.jpg 768w, http:\/\/wscb.at\/wp-content\/uploads\/2018\/01\/Wakeboardstange_2.jpg 882w\" sizes=\"(max-width: 300px) 100vw, 300px\" \/>seitlich abgest\u00fctzt, wie z.B. ein Segelmast. Dennoch kann sie mit einer Leine gespannt werden. Genau dieses Spannkonzept gab uns in der Konstruktionsphase einige Gripsgymnastik auf. Dies seht ihr aus den Statik\u00fcberlegungen im folgenden Bild. Nat\u00fcrlich haben wir auch der Wakeboardstange eine Kunststoffrolle verpasst, welche seilschonend sein sollte. Und die Kosten? Unsere Stange kostete ca. die H\u00e4lfte von handels\u00fcblichen Modellen, dank Freunden die mechanische und Oberfl\u00e4chenbearbeitungen wie Eloxal durchf\u00fchren k\u00f6nnen.<\/span><\/p>\n<p><a href=\"http:\/\/wscb.at\/?page_id=109\">&lt;&lt; Zur\u00fcck<\/a><\/p>\n","protected":false},"excerpt":{"rendered":"<p>Auch in einem renommierten Slalom Club geht der Trend der Zeit nicht ohne Spuren vorbei. Vermehrte Anfragen von Neueinsteigern nach Wakeboard Ausr\u00fcstung lie\u00dfen uns kurzerhand den Entschluss treffen: Eine Wakeboardstange muss her! Was ich aber auf dem Markt in unserer Umgebung so sah erfreute mich alles andere als sehr. Nat\u00fcrlich, als reiner Wakeboardclub w\u00fcrden wir [&hellip;]<\/p>\n","protected":false},"author":2,"featured_media":0,"parent":109,"menu_order":16,"comment_status":"closed","ping_status":"closed","template":"","meta":[],"_links":{"self":[{"href":"http:\/\/wscb.at\/index.php?rest_route=\/wp\/v2\/pages\/461"}],"collection":[{"href":"http:\/\/wscb.at\/index.php?rest_route=\/wp\/v2\/pages"}],"about":[{"href":"http:\/\/wscb.at\/index.php?rest_route=\/wp\/v2\/types\/page"}],"author":[{"embeddable":true,"href":"http:\/\/wscb.at\/index.php?rest_route=\/wp\/v2\/users\/2"}],"replies":[{"embeddable":true,"href":"http:\/\/wscb.at\/index.php?rest_route=%2Fwp%2Fv2%2Fcomments&post=461"}],"version-history":[{"count":3,"href":"http:\/\/wscb.at\/index.php?rest_route=\/wp\/v2\/pages\/461\/revisions"}],"predecessor-version":[{"id":611,"href":"http:\/\/wscb.at\/index.php?rest_route=\/wp\/v2\/pages\/461\/revisions\/611"}],"up":[{"embeddable":true,"href":"http:\/\/wscb.at\/index.php?rest_route=\/wp\/v2\/pages\/109"}],"wp:attachment":[{"href":"http:\/\/wscb.at\/index.php?rest_route=%2Fwp%2Fv2%2Fmedia&parent=461"}],"curies":[{"name":"wp","href":"https:\/\/api.w.org\/{rel}","templated":true}]}}