{"id":452,"date":"2018-01-20T19:57:08","date_gmt":"2018-01-20T18:57:08","guid":{"rendered":"http:\/\/wscb.at\/?page_id=452"},"modified":"2018-02-21T19:11:59","modified_gmt":"2018-02-21T18:11:59","slug":"brescia-2009","status":"publish","type":"page","link":"http:\/\/wscb.at\/?page_id=452","title":{"rendered":"Brescia 2009"},"content":{"rendered":"<p>Freitag 17. Juli 5 Uhr und wir fuhren in Richtung San Bernardino. Es begann zu Regnen und wir waren schon gespannt, wie das Wetter auf der anderen Seite sein w\u00fcrde. Aber es kam noch viel mehr Wasser als wir uns Chiasso n\u00e4herten. Zum Gl\u00fcck hatten wir gen\u00fcgend Eigengewicht und der <img loading=\"lazy\" class=\"size-medium wp-image-454 alignright\" src=\"http:\/\/wscb.at\/wp-content\/uploads\/2018\/01\/Brescia-2009_1-300x201.jpg\" alt=\"\" width=\"300\" height=\"201\" srcset=\"http:\/\/wscb.at\/wp-content\/uploads\/2018\/01\/Brescia-2009_1-300x201.jpg 300w, http:\/\/wscb.at\/wp-content\/uploads\/2018\/01\/Brescia-2009_1.jpg 359w\" sizes=\"(max-width: 300px) 100vw, 300px\" \/>Bus konnte nicht aufschwimmen. Aber je n\u00e4her wir unserem Ziel kamen, umso besser wurde auch das Wetter und unsere Laune. 3 Tage Wasserski an einem perfekten Teich! &#8222;Wenn das Wetter mitspielt, wird\u2019s Grandios&#8220;. Und das Wetter wurde gut. Wie auch im letzten Jahr hatten wir Wassertemperaturen von 28 Grad und ein weiches Wasser. Bei der ersten Fahrt sp\u00fcrten wir wieder dieses weiche Wasser, indem es sich anf\u00fchlte als w\u00fcrde die Leine nachgeben. Unser Ziel war 2 bis 3 mal am Tag zu fahren. Dieses Ziel konnte am ersten Tag aber nicht jeder erreichen. Bernd, alias Pinzgauer, musste verfr\u00fcht aufgeben, da sein R\u00fccken versagte. Ein Kurzbesuch von mehreren Stunden im nahegelegenen Spital, hob Bernds Humor am Abend wieder auf vollstes Niveau. Nur Gut, dass Bernd einige Worte Italienisch <img loading=\"lazy\" class=\"size-medium wp-image-455 alignleft\" src=\"http:\/\/wscb.at\/wp-content\/uploads\/2018\/01\/Brescia-2009_2-300x201.jpg\" alt=\"\" width=\"300\" height=\"201\" srcset=\"http:\/\/wscb.at\/wp-content\/uploads\/2018\/01\/Brescia-2009_2-300x201.jpg 300w, http:\/\/wscb.at\/wp-content\/uploads\/2018\/01\/Brescia-2009_2.jpg 359w\" sizes=\"(max-width: 300px) 100vw, 300px\" \/>konnte, weil Englisch war in diesem Spital ein Fremdwort. Ich muss an dieser Stelle nicht erw\u00e4hnen, dass ein Abend mit einer 10-k\u00f6pfigen Delegation wieder recht lustig wurde. Bernds ausgeh\u00e4ndigten Spritzen vom Spital taten den Rest f\u00fcr den Abend. Gott sei Dank, hatten wir 2 Sanit\u00e4ter dabei, sonst h\u00e4tten wir am n\u00e4chsten Morgen auslosen m\u00fcssen, Wer ihm die Spritzen geben durfte. Der 2.Tag brachte neben mehr oder weniger viel Spa\u00df beim Wasserskifahren auch viel Fun mit dem Sprungbrett. Da wir am Morgen des 3.Tages wieder einen Wettbewerb austrugen, war der 2.Tag wichtig f\u00fcr das Handicap. Wie auch im letzten Jahr, wollten wir Fahrer mit unterschiedlichem K\u00f6nnen vergleichen. So war dieser Tag ausschlaggebend, welches Trainingsergebnis jeder Einzelne erzielte. Beim Wettkampf war dieses Ergebnis mit 0 Bojen definiert. Wer besser fuhr hatte Plus-Bojen, wer schlechter fuhr Minus-Bojen. Somit war ein Ranking unterschiedlichem K\u00f6nnen m\u00f6glich. Dass ich selber relativ schlechte Trainingsergebnisse an diesem Tag fuhr, wurde mir am n\u00e4chsten Tag als mafi\u00f6ses Verhalten vorgeworfen. Obwohl ich keine Absichten hatte, niedrige Testresultate zu fahren und beim Wettkampf voll zu zuschlagen, waren es gerade die HO A1 Syndicat Fahrer, welche mich einen Mafiosi nannten! Dementsprechend spannend und aufgeregt begann das Fr\u00fchst\u00fcck am 3.Tag. Die Nerven einiger Fahrer lagen relativ blank, obwohl es ja bei unserem Wettbewerb nicht um viel ging. Ok, das warme Bier f\u00fcr den Verlierer war offensichtlich genug Motivation f\u00fcr alle, dass keiner der Letzter sein wollte. Letztes Jahr traf es Alex, und Heuer um es vorwegzunehmen teilte sie das Bier mit Haimo. Auch Claudio <img loading=\"lazy\" class=\"size-medium wp-image-453 alignright\" src=\"http:\/\/wscb.at\/wp-content\/uploads\/2018\/01\/Brescia-2009_3-300x225.jpg\" alt=\"\" width=\"300\" height=\"225\" srcset=\"http:\/\/wscb.at\/wp-content\/uploads\/2018\/01\/Brescia-2009_3-300x225.jpg 300w, http:\/\/wscb.at\/wp-content\/uploads\/2018\/01\/Brescia-2009_3.jpg 320w\" sizes=\"(max-width: 300px) 100vw, 300px\" \/>Benatti , der das Camp f\u00fchrte, war nicht nur Trainer und Schiedsrichter, er hatte sichtlich Spass an unserem Wettkampf und ver\u00f6ffentlichte das Endergebnis auf seiner Homepage nach dem Mittagessen. Nach dem Mittagessen, welches immer italienisch Gut war, ging es noch ein letztes Mal an die Leine, bevor wir die Heimreise antraten. Alles in allem, war das wieder ein gegl\u00fcckter Urlaub mit viel Erinnerungswert. Ein kleiner Auszug davon auf unserer <a href=\"http:\/\/wscb.at\/?bwg_gallery=brescia-2009\" target=\"_blank\" rel=\"noopener\">Fotogalerie.<\/a><\/p>\n<p><a href=\"http:\/\/wscb.at\/?page_id=109\">&lt;&lt; Zur\u00fcck<\/a><\/p>\n","protected":false},"excerpt":{"rendered":"<p>Freitag 17. Juli 5 Uhr und wir fuhren in Richtung San Bernardino. Es begann zu Regnen und wir waren schon gespannt, wie das Wetter auf der anderen Seite sein w\u00fcrde. Aber es kam noch viel mehr Wasser als wir uns Chiasso n\u00e4herten. Zum Gl\u00fcck hatten wir gen\u00fcgend Eigengewicht und der Bus konnte nicht aufschwimmen. Aber [&hellip;]<\/p>\n","protected":false},"author":2,"featured_media":0,"parent":109,"menu_order":14,"comment_status":"closed","ping_status":"closed","template":"","meta":[],"_links":{"self":[{"href":"http:\/\/wscb.at\/index.php?rest_route=\/wp\/v2\/pages\/452"}],"collection":[{"href":"http:\/\/wscb.at\/index.php?rest_route=\/wp\/v2\/pages"}],"about":[{"href":"http:\/\/wscb.at\/index.php?rest_route=\/wp\/v2\/types\/page"}],"author":[{"embeddable":true,"href":"http:\/\/wscb.at\/index.php?rest_route=\/wp\/v2\/users\/2"}],"replies":[{"embeddable":true,"href":"http:\/\/wscb.at\/index.php?rest_route=%2Fwp%2Fv2%2Fcomments&post=452"}],"version-history":[{"count":3,"href":"http:\/\/wscb.at\/index.php?rest_route=\/wp\/v2\/pages\/452\/revisions"}],"predecessor-version":[{"id":645,"href":"http:\/\/wscb.at\/index.php?rest_route=\/wp\/v2\/pages\/452\/revisions\/645"}],"up":[{"embeddable":true,"href":"http:\/\/wscb.at\/index.php?rest_route=\/wp\/v2\/pages\/109"}],"wp:attachment":[{"href":"http:\/\/wscb.at\/index.php?rest_route=%2Fwp%2Fv2%2Fmedia&parent=452"}],"curies":[{"name":"wp","href":"https:\/\/api.w.org\/{rel}","templated":true}]}}