{"id":432,"date":"2018-01-20T19:38:11","date_gmt":"2018-01-20T18:38:11","guid":{"rendered":"http:\/\/wscb.at\/?page_id=432"},"modified":"2018-02-21T19:10:17","modified_gmt":"2018-02-21T18:10:17","slug":"florida-2009","status":"publish","type":"page","link":"http:\/\/wscb.at\/?page_id=432","title":{"rendered":"Florida 2009"},"content":{"rendered":"<p><strong>Einleitung<\/strong><br \/>\n7. November 7Uhr, Martin; Philip Ruth und Richard warteten auf das Taxi. Wir flogen wieder <img loading=\"lazy\" class=\"size-medium wp-image-433 alignright\" src=\"http:\/\/wscb.at\/wp-content\/uploads\/2018\/01\/Florida-2009_15-300x225.jpg\" alt=\"\" width=\"300\" height=\"225\" srcset=\"http:\/\/wscb.at\/wp-content\/uploads\/2018\/01\/Florida-2009_15-300x225.jpg 300w, http:\/\/wscb.at\/wp-content\/uploads\/2018\/01\/Florida-2009_15.jpg 320w\" sizes=\"(max-width: 300px) 100vw, 300px\" \/>einmal schnell auf Orlando (11 Stunden) um ein wenig Gymnastik auf dem Wasser zu absolvieren. Diesmal aber nicht wie gewohnt f\u00fcr 2 Wochen, sondern f\u00fcr ganze 4 Wochen! Ich kann mich gar nicht erinnern, dass ich jemals solange Urlaub hatte. Wer redet hier von Urlaub? Nein, wir waren nicht zum Vergn\u00fcgen hier her gekommen. Und wer redet nur vom Wasserskifahren? Wir hatten am Vormittag von 9 bis 12 Englisch Lesson und am Nachmittag von 14 bis 17 Wasserskitraining gebucht. Und vergesst nicht die 6 w\u00f6chige harten Vorbereitungs-zeiten im Fitness Studio Zuhause, damit wir 4 Wochen auf dem Ski \u00fcberleben! Jeder von uns hatte sein pers\u00f6nliches Ziel vor Augen, aber jetzt schon vorweggenommen, nicht alle haben es erreicht. Wenn jemand von Euch glaubt, dass es in den 4 Wochen nur aufw\u00e4rts geht, dann irrt er. Es ist nicht nur eine k\u00f6rperliche Belastung, auch Mental wird man gefordert, und das hatten die Besten unter uns gesp\u00fcrt.<\/p>\n<p><strong>Englisch for Run aways<\/strong><br \/>\nIch bin schon einige Male \u00fcber den Teich ins \u201eMekka des Wasserski\u201c gereist, aber so eine<img loading=\"lazy\" class=\"size-medium wp-image-434 alignright\" src=\"http:\/\/wscb.at\/wp-content\/uploads\/2018\/01\/Florida-2009_1-300x225.jpg\" alt=\"\" width=\"300\" height=\"225\" srcset=\"http:\/\/wscb.at\/wp-content\/uploads\/2018\/01\/Florida-2009_1-300x225.jpg 300w, http:\/\/wscb.at\/wp-content\/uploads\/2018\/01\/Florida-2009_1.jpg 320w\" sizes=\"(max-width: 300px) 100vw, 300px\" \/> kombinierte Reise hatte ich bisher noch nicht gemacht. Vor ziemlich genau einem Jahr, als wir rein zuf\u00e4llig im Olive Garden, auf der Sandlake Road in Orlando, sa\u00dfen und die italienischen Spezialit\u00e4ten genossen, schauten wir bei Abendd\u00e4mmerung aus dem Fenster auf die gegen\u00fcberliegende Stra\u00dfenseite. Was wir sahen war das Englisch Institut von Orlando, genannt TLC (The Language Company). Damals wussten wir noch nicht, dass ein Jahr sp\u00e4ter dies unser morgendliches Verh\u00e4ngnis wird. Zu diesem Zeitpunkt lag es auf der Hand Englisch mit Wasserski zu kombinieren. Schlie\u00dflich braucht ja Heutzutage fast jeder Englisch im Unternehmen. Und so kam der Tag als wir 3, lustig und fr\u00f6hlich gelaunt auf dem Highway von Leesburg nach Orlando unterwegs waren. Ich kann hier nicht auf Details eingehen, aber wir betraten die Schule mit leicht gebeugter Haltung. <img loading=\"lazy\" class=\"size-medium wp-image-436 alignleft\" src=\"http:\/\/wscb.at\/wp-content\/uploads\/2018\/01\/Florida-2009_3-300x225.jpg\" alt=\"\" width=\"300\" height=\"225\" srcset=\"http:\/\/wscb.at\/wp-content\/uploads\/2018\/01\/Florida-2009_3-300x225.jpg 300w, http:\/\/wscb.at\/wp-content\/uploads\/2018\/01\/Florida-2009_3.jpg 320w\" sizes=\"(max-width: 300px) 100vw, 300px\" \/>Schon hatten wir das erste Hindernis zu \u00fcberwinden. Es wurden Fotos f\u00fcr den Studentenausweis gemacht und eine Unterschrift sollten wir abgeben. Bei mir wurden mehrere Bilder geschossen bis eines brauchbar war, und f\u00fcr Philip musste Martin unterschreiben, weil dieser nicht mehr in der Lage war. Sp\u00e4testens am 2. Schultag wussten Alle an der Schule von den 3 Sunnyboys aus Austria. Nach einem 2-st\u00fcndigen schriftlichen und m\u00fcndlichen Einstufungstests, es galt \u00fcber 100 Fragen zu beantworten, viel zuwenig Zeit f\u00fcr mich, wurden wir am 1. Tag entlassen. Ich hatte mir nur gedacht, Gott sei Dank hatten wir nur semi Englisch gebucht, also halbtags, etwas anderes h\u00e4tte mir gerade noch gefehlt. Am n\u00e4chsten Tag wurden wir in die verschiedenen Klassen eingeteilt, Level 4 bis 6, alle in einer Klasse w\u00e4re sowieso nicht gut ausgegangen. Die uns zugewiesene Lehrerin erkl\u00e4rte als erstes anhand unserem Einstufungstest unsere St\u00e4rken und Schw\u00e4chen, was f\u00fcr mich absolut nichts Neues war. T\u00e4glich 2 Stunden Grammatik und eine Stunde reden waren angesagt, wenn da<img loading=\"lazy\" class=\"size-medium wp-image-437 alignright\" src=\"http:\/\/wscb.at\/wp-content\/uploads\/2018\/01\/Florida-2009_4-225x300.jpg\" alt=\"\" width=\"225\" height=\"300\" srcset=\"http:\/\/wscb.at\/wp-content\/uploads\/2018\/01\/Florida-2009_4-225x300.jpg 225w, http:\/\/wscb.at\/wp-content\/uploads\/2018\/01\/Florida-2009_4.jpg 240w\" sizes=\"(max-width: 225px) 100vw, 225px\" \/> nicht nur meine vielen Hausaufgaben gewesen w\u00e4ren. Ausgerechnet ich mit Level 4 hatte den General unter den Lehrern. Offensichtlich hatte ich das gr\u00f6sste Potential. Ca. 4 bis 6 Seiten schriftliche Aufgaben, plus ein m\u00fcndliches Thema winkten mir bis sp\u00e4t in die Nacht hinein. Damit der Tag auch ganz ausgen\u00fctzt war hatten wir die Hin- und R\u00fcckfahrtszeit der Schule f\u00fcr Hausaufgaben erweitert. Ich bin nur selten gefahren! Aber auch die Vormittage der 4 Wochen ging vor\u00fcber und wir erhielten alle Testergebnisse und Diplome. Unter dem Strich kann man sagen, es war eine Auffrischung die absolut nicht geschadet hat. F\u00fcr all jene die so was zuk\u00fcnftig machen wollen, sollen sich \u00fcberlegen: Ob sich ein bisschen Wasserskifahren bei so viel Hausaufgaben rechtfertigt?<\/p>\n<p><strong>Wasserskitraining <\/strong><br \/>\nWie schon aus der Einleitung hervorging, hatten wir uns im Fitness Studio entsprechend <img loading=\"lazy\" class=\"size-medium wp-image-438 alignright\" src=\"http:\/\/wscb.at\/wp-content\/uploads\/2018\/01\/Florida-2009_5-300x225.jpg\" alt=\"\" width=\"300\" height=\"225\" srcset=\"http:\/\/wscb.at\/wp-content\/uploads\/2018\/01\/Florida-2009_5-300x225.jpg 300w, http:\/\/wscb.at\/wp-content\/uploads\/2018\/01\/Florida-2009_5.jpg 320w\" sizes=\"(max-width: 300px) 100vw, 300px\" \/>vorbereitet. Auch wenn einer meinte, er m\u00fcsse an den Trainingsger\u00e4te nur vorbei schleichen . Es ist unm\u00f6glich am Limit zu fahren und dabei noch was zu lernen. Und das 4 Wochen lang! Martin wei\u00df dies allzu gut vom letzten Jahr, als er schon am 3. Tag den K\u00e4ngeruh Griff anwenden musste. Jeder von uns hatte vorab ein Ziel definiert. Martin wollte 49 zumachen, Philip wollte endlich den 11er knacken und ich wollte wieder einmal das Kabel auf 14 einh\u00e4ngen. Philip und ich hatten realistische Ziele vorgenommen, da wir von der Saisonleistung nur wenige Bojen entfernt waren. Martin hatte sein Ziel wahrscheinlich mit dem Fernrohr angeschaut. Er hat zwar 2 bei 49 geschafft <img loading=\"lazy\" class=\"size-medium wp-image-439 alignleft\" src=\"http:\/\/wscb.at\/wp-content\/uploads\/2018\/01\/Florida-2009_6-300x225.jpg\" alt=\"\" width=\"300\" height=\"225\" srcset=\"http:\/\/wscb.at\/wp-content\/uploads\/2018\/01\/Florida-2009_6-300x225.jpg 300w, http:\/\/wscb.at\/wp-content\/uploads\/2018\/01\/Florida-2009_6.jpg 320w\" sizes=\"(max-width: 300px) 100vw, 300px\" \/>aber das war noch Lichtjahre von seinem Ziel entfernt!. Auch wenn ich nur 5 bei 16 erreicht hatte, so hatte ich das Ziel nur ganz knapp verfehlt. Vielleicht waren es aber auch nur die Hausaufgaben die mich mental blockiert hatten. Philip hat als Einziger sein Ziel erreicht und ist 1 bei 10,75 gefahren, nat\u00fcrlich bei 58! Ok, vielleicht h\u00e4tten Martin und ich auch mehr Schule schw\u00e4nzen sollen, um unser Ziel zu erreichen. Mit den Leistungen waren wir alle dennoch zufrieden. Auch wenn wir 4 Wochen Zeit hatten unser Resultat zu erreichen, so m\u00fcssen doch mehrere Faktoren \u00fcbereinstimmen, um Bestleistung zu erreichen. Der November ist zum Wasserskifahren f\u00fcr den <img loading=\"lazy\" class=\"size-medium wp-image-440 alignright\" src=\"http:\/\/wscb.at\/wp-content\/uploads\/2018\/01\/Florida-2009_7-300x225.jpg\" alt=\"\" width=\"300\" height=\"225\" srcset=\"http:\/\/wscb.at\/wp-content\/uploads\/2018\/01\/Florida-2009_7-300x225.jpg 300w, http:\/\/wscb.at\/wp-content\/uploads\/2018\/01\/Florida-2009_7.jpg 320w\" sizes=\"(max-width: 300px) 100vw, 300px\" \/>besten Monat bekannt, viel Sonne, warm und wenig Wind. So ist es aber keine Garantie f\u00fcr jedes Jahr. Bei uns schwankten die Temperaturen zwischen 13 und 28 Grad und nur die 2. Woche war wirklich perfekt, so wie ein November sein sollte. Wichtig ist auch, dass man keinen kapitalen Sturz riskiert, der nachhaltige Wirkungen mit sich zieht. Gilt nicht f\u00fcr Philip, wo nicht viel Masse ist, geht auch nicht viel hin. Und das ist nicht nur meine Aussage, Franz hatte Philip beim ersten Treffen vor Jahren prophezeit, dass er keinen Muskelkater bekommt, h\u00f6chstens Beinhautentz\u00fcndung.<\/p>\n<p><strong>Essen in Amerika &#8211;&gt; ein Halleluja f\u00fcr den Magen<\/strong><br \/>\n<img loading=\"lazy\" class=\"size-medium wp-image-441 alignleft\" src=\"http:\/\/wscb.at\/wp-content\/uploads\/2018\/01\/Florida-2009_8-300x225.jpg\" alt=\"\" width=\"300\" height=\"225\" srcset=\"http:\/\/wscb.at\/wp-content\/uploads\/2018\/01\/Florida-2009_8-300x225.jpg 300w, http:\/\/wscb.at\/wp-content\/uploads\/2018\/01\/Florida-2009_8.jpg 320w\" sizes=\"(max-width: 300px) 100vw, 300px\" \/>Wer viel f\u00e4hrt, bzw. wer \u00fcberhaupt Wasserski f\u00e4hrt bekommt irgendwann den Wunsch etwas gegen das Magenbrummen zu unternehmen. Und da waren wir genau im richtigen Land. Amerika\u00b4s K\u00fcche z\u00e4hlt sicherlich nicht zu den kalorien\u00e4rmsten K\u00fcchen der Welt, aber wer den ganzen Tag unterwegs ist, kann was vertragen. Was in Amerika ein Appetizer ist, k\u00f6nnte in Europa durchaus eine satte Hauptspeise darstellen. Und schmecken tut es auch noch. Da kenne ich Leute, die Glauben doch tats\u00e4chlich, dass ganz <img loading=\"lazy\" class=\"size-medium wp-image-442 alignright\" src=\"http:\/\/wscb.at\/wp-content\/uploads\/2018\/01\/Florida-2009_9-300x225.jpg\" alt=\"\" width=\"300\" height=\"225\" srcset=\"http:\/\/wscb.at\/wp-content\/uploads\/2018\/01\/Florida-2009_9-300x225.jpg 300w, http:\/\/wscb.at\/wp-content\/uploads\/2018\/01\/Florida-2009_9.jpg 320w\" sizes=\"(max-width: 300px) 100vw, 300px\" \/>Amerika ein McDonald ist. Schade das diese Leute nie dr\u00fcben waren. Nicht nur die legend\u00e4ren Steaks wie sie in Charly\u00b4s Steakhouse oder Outback Einzeln oder in Gruppen vorkommen, auch verschiedene italienische Restaurants wie z.B. der Olive Garden, welcher f\u00fcr uns immer ein Inbegriff der sensationellen Refilled-Salate war, so hatten wir noch ein ganz spezielles Haus in Leesburg, in dem die weltbesten Chicken Wings aufgetischt wurden. Diese gibt es in 3 Stufen, den <img loading=\"lazy\" class=\"size-medium wp-image-443 alignleft\" src=\"http:\/\/wscb.at\/wp-content\/uploads\/2018\/01\/Florida-2009_10-300x225.jpg\" alt=\"\" width=\"300\" height=\"225\" srcset=\"http:\/\/wscb.at\/wp-content\/uploads\/2018\/01\/Florida-2009_10-300x225.jpg 300w, http:\/\/wscb.at\/wp-content\/uploads\/2018\/01\/Florida-2009_10.jpg 320w\" sizes=\"(max-width: 300px) 100vw, 300px\" \/>Milden, den Medium\u00b4s und in nuklearer Ausf\u00fchrung. Die Letztere macht ein wenig durstig. Und f\u00fcr Notf\u00e4lle hatten Philip und Martin zwischendurch immer wieder etwas gefunden um ein erstes Magenzwicken zu beseitigen. Aber bevor ihr in den Restaurants zugreift, erkundigt euch zuerst beim Campbesitzer wie viel PS das Boot hat!<\/p>\n<p><strong>Ausfl\u00fcge <\/strong><br \/>\nSpeziell Orlando und seine Umgebung bieten <img loading=\"lazy\" class=\"size-medium wp-image-444 alignright\" src=\"http:\/\/wscb.at\/wp-content\/uploads\/2018\/01\/Florida-2009_11-300x225.jpg\" alt=\"\" width=\"300\" height=\"225\" srcset=\"http:\/\/wscb.at\/wp-content\/uploads\/2018\/01\/Florida-2009_11-300x225.jpg 300w, http:\/\/wscb.at\/wp-content\/uploads\/2018\/01\/Florida-2009_11.jpg 320w\" sizes=\"(max-width: 300px) 100vw, 300px\" \/>sagenhafte Unternehmungen f\u00fcr die ganze Familie an. Daher ist Orlando auch f\u00fcr nicht Wasserskil\u00e4ufer ein nicht uninteressanter Ort um Urlaub zu machen. Orlando ist sicherlich durch Disney World bekannt geworden, welches speziell f\u00fcr die ganz Kleinen ein absolutes muss ist. F\u00fcr die Gr\u00f6\u00dferen ist Universal Studio interessanter, in welchen verschiedene Spielfilmkulissen sowie Aufnahmetricks gezeigt werden. Unter anderem werden auch Shows und Fahrsimulatoren angeboten, die man teilweise nicht <img loading=\"lazy\" class=\"size-medium wp-image-445 alignleft\" src=\"http:\/\/wscb.at\/wp-content\/uploads\/2018\/01\/Florida-2009_12-300x225.jpg\" alt=\"\" width=\"300\" height=\"225\" srcset=\"http:\/\/wscb.at\/wp-content\/uploads\/2018\/01\/Florida-2009_12-300x225.jpg 300w, http:\/\/wscb.at\/wp-content\/uploads\/2018\/01\/Florida-2009_12.jpg 320w\" sizes=\"(max-width: 300px) 100vw, 300px\" \/>unbedingt auf vollen Magen ausprobieren sollte. Fans von Wasserrutschen besuchen am besten Wet\u00b4n Wild, die haben neue Zentrifugalrutschen installiert, da kann man den R\u00fccken extrem gut massieren. Wer auf Achterbahnen steht hat fast in jedem Park diese M\u00f6glichkeit. Wir hatten Heuer den Buschgarden in Tampa (Richtung Westk\u00fcste) besucht. Dies ist ein Tierpark kombiniert mit einigen Achterbahnen. Eine davon st\u00fcrzt 60m Tief im freien Fall, ideal um den Magen vor dem n\u00e4chsten Restaurant zu leeren. Ein <img loading=\"lazy\" class=\"size-medium wp-image-446 alignright\" src=\"http:\/\/wscb.at\/wp-content\/uploads\/2018\/01\/Florida-2009_13-300x225.jpg\" alt=\"\" width=\"300\" height=\"225\" srcset=\"http:\/\/wscb.at\/wp-content\/uploads\/2018\/01\/Florida-2009_13-300x225.jpg 300w, http:\/\/wscb.at\/wp-content\/uploads\/2018\/01\/Florida-2009_13.jpg 320w\" sizes=\"(max-width: 300px) 100vw, 300px\" \/>weiteres Highlight war f\u00fcr uns der Besuch eines Eishockey Stadium mit ca. 20.000 Sitzpl\u00e4tzen in Tampa. Los Angeles Kings gegen Tampa Lightning, da ging die Post ab und eine Schl\u00e4gerei war obendrein im Eintrittspreis inbegriffen. Ein ganz besonderes Spektakel war f\u00fcr mich eine Dragster Show. Night of Fire war eine Nachtshow mit Jet Dragster, Funny Cars und Motorr\u00e4der die Beschleunigungsfahrten absolvierten, indem sie 400m in 6 Sekunden bew\u00e4ltigten. Ein guter Tipp von mir, wer dort filmen oder fotografieren will soll sich Ohrenst\u00f6psel mitnehmen, das erspart das l\u00e4stige Ohren umklappen <img loading=\"lazy\" class=\"size-medium wp-image-447 alignleft\" src=\"http:\/\/wscb.at\/wp-content\/uploads\/2018\/01\/Florida-2009_14-300x225.jpg\" alt=\"\" width=\"300\" height=\"225\" srcset=\"http:\/\/wscb.at\/wp-content\/uploads\/2018\/01\/Florida-2009_14-300x225.jpg 300w, http:\/\/wscb.at\/wp-content\/uploads\/2018\/01\/Florida-2009_14.jpg 320w\" sizes=\"(max-width: 300px) 100vw, 300px\" \/>speziell das Zweite, wenn ihr mit einer Hand die Kamera haltet. Und zu Guter Letzt k\u00f6nnt ihr mit euren Frauen shoppen gehen, bis euch die F\u00fc\u00dfe abfallen. Einkaufsladen soweit das Auge reicht. Ihr k\u00f6nnt tagelang herumd\u00fcsen ohne einen Laden zweimal zu besuchen. Denkt bitte aber an eure Plastikkarte, hoffentlich ist die stark genug. Im Notfall verliert einfach die Karte, es k\u00f6nnte billiger sein! Weitere Bilder auf der <a href=\"http:\/\/wscb.at\/?bwg_gallery=florida-2009\" target=\"_blank\" rel=\"noopener\">Fotogalerie.<\/a><\/p>\n<p><a href=\"http:\/\/wscb.at\/?page_id=109\">&lt;&lt; Zur\u00fcck<\/a><\/p>\n","protected":false},"excerpt":{"rendered":"<p>Einleitung 7. November 7Uhr, Martin; Philip Ruth und Richard warteten auf das Taxi. Wir flogen wieder einmal schnell auf Orlando (11 Stunden) um ein wenig Gymnastik auf dem Wasser zu absolvieren. Diesmal aber nicht wie gewohnt f\u00fcr 2 Wochen, sondern f\u00fcr ganze 4 Wochen! Ich kann mich gar nicht erinnern, dass ich jemals solange Urlaub [&hellip;]<\/p>\n","protected":false},"author":2,"featured_media":0,"parent":109,"menu_order":13,"comment_status":"closed","ping_status":"closed","template":"","meta":[],"_links":{"self":[{"href":"http:\/\/wscb.at\/index.php?rest_route=\/wp\/v2\/pages\/432"}],"collection":[{"href":"http:\/\/wscb.at\/index.php?rest_route=\/wp\/v2\/pages"}],"about":[{"href":"http:\/\/wscb.at\/index.php?rest_route=\/wp\/v2\/types\/page"}],"author":[{"embeddable":true,"href":"http:\/\/wscb.at\/index.php?rest_route=\/wp\/v2\/users\/2"}],"replies":[{"embeddable":true,"href":"http:\/\/wscb.at\/index.php?rest_route=%2Fwp%2Fv2%2Fcomments&post=432"}],"version-history":[{"count":5,"href":"http:\/\/wscb.at\/index.php?rest_route=\/wp\/v2\/pages\/432\/revisions"}],"predecessor-version":[{"id":643,"href":"http:\/\/wscb.at\/index.php?rest_route=\/wp\/v2\/pages\/432\/revisions\/643"}],"up":[{"embeddable":true,"href":"http:\/\/wscb.at\/index.php?rest_route=\/wp\/v2\/pages\/109"}],"wp:attachment":[{"href":"http:\/\/wscb.at\/index.php?rest_route=%2Fwp%2Fv2%2Fmedia&parent=432"}],"curies":[{"name":"wp","href":"https:\/\/api.w.org\/{rel}","templated":true}]}}