{"id":43,"date":"2017-12-11T20:31:18","date_gmt":"2017-12-11T19:31:18","guid":{"rendered":"http:\/\/build.wscb.at\/?page_id=43"},"modified":"2017-12-11T20:31:18","modified_gmt":"2017-12-11T19:31:18","slug":"rechtliches","status":"publish","type":"page","link":"http:\/\/wscb.at\/?page_id=43","title":{"rendered":"Rechtliches"},"content":{"rendered":"<h3>1. URHEBERRECHT<\/h3>\n<p>Der Inhalt der vorliegenden Website ist f\u00fcr den privaten, nicht-kommerziellen Gebrauch gedacht. Das Copyright f\u00fcr jedweden Inhalt (einschlie\u00dflich, aber nicht beschr\u00e4nkt auf, Text, Bilder, Photos und Illustrationen) liegt beim Inhaber dieser Seiten (wscb.at) oder bei Dritten, die an der entsprechenden Stelle als Copyright-Inhaber genannt werden. Es wurde versucht, derartiges Material nur mit der ausdr\u00fccklichen Zustimmung des Urhebers bzw. Copyright-Inhabers zu ver\u00f6ffentlichen, wof\u00fcr an dieser Stelle ein Dankesch\u00f6n ausgesprochen werden soll. Sollten Sie trotzdem der Meinung sein, dass eine Grafik unrechtm\u00e4\u00dfig verwendet wurde, wird Ihnen eine Kontaktaufnahme mit dem Autor dieser Seiten nahe gelegt. Sobald dem Autor \u00fcberzeugende Beweise f\u00fcr Ihren Anspruch auf Urheberschaft bzw. Copyright vorliegen, wird die Grafik entfernt.<br \/>\nDas Copyright f\u00fcr vom Autor selbst erstellten Inhalt bleibt allein beim Autor. Der Benutzer darf den Inhalt der vorliegenden Website allein f\u00fcr den pers\u00f6nlichen Gebrauch downloaden und\/oder kopieren, sofern dabei jegliche Copyright- und sonstige Hinweise erhalten bleiben. Kopieren und speichern sowie jedwede sonstige Vervielf\u00e4ltigung oder Verwendung f\u00fcr andere Zwecke als den pers\u00f6nlichen, nicht-kommerziellen Gebrauch ist ohne die vorherige schriftliche Zustimmung des Autors ausdr\u00fccklich verboten.<\/p>\n<h3>2. HAFTUNGSAUSSCHLUSS<\/h3>\n<p>Obwohl gro\u00dfe Anstrengungen seitens der Autoren unternommen wurden, um korrekte Informationen zu liefern, k\u00f6nnte diese Website Falschinformationen enthalten. Die Autoren \u00fcbernehmen keinerlei Gew\u00e4hr f\u00fcr die Richtigkeit, Vollst\u00e4ndigkeit, Aktualit\u00e4t oder Qualit\u00e4t der bereit gestellten Informationen.<br \/>\nWeiters sind die Autoren weder verantwortlich noch haftbar f\u00fcr direkte, indirekte, zuf\u00e4llige oder anderer Sch\u00e4den, ob materiell oder ideell, die dem User durch Nutzung beziehungsweise Nichtnutzung der vorliegenden Website und der enthalten Information entstehen k\u00f6nnten.<br \/>\nSchlie\u00dflich behalten sich die Autoren das Recht vor, jederzeit und ohne vorherige Ank\u00fcndigung Teile oder die Gesamtheit dieser Website zu ver\u00e4ndern, zu erg\u00e4nzen oder zu l\u00f6schen, oder die Ver\u00f6ffentlichung zeitlich begrenzt oder dauerhaft einzustellen.<\/p>\n<h3>3. LINKS<\/h3>\n<p>Diese Website enth\u00e4lt Verweise (Links) zu anderen Seiten im WWW. Der Inhaber der vorliegenden Website ist weder verantwortlich f\u00fcr die Verf\u00fcgbarkeit noch f\u00fcr den Inhalt der verkn\u00fcpften Seiten. Dem einzelnen User obliegt jegliche Verantwortung betreffend der Nutzung dieser Seiten.<\/p>\n","protected":false},"excerpt":{"rendered":"<p>1. URHEBERRECHT Der Inhalt der vorliegenden Website ist f\u00fcr den privaten, nicht-kommerziellen Gebrauch gedacht. Das Copyright f\u00fcr jedweden Inhalt (einschlie\u00dflich, aber nicht beschr\u00e4nkt auf, Text, Bilder, Photos und Illustrationen) liegt beim Inhaber dieser Seiten (wscb.at) oder bei Dritten, die an der entsprechenden Stelle als Copyright-Inhaber genannt werden. Es wurde versucht, derartiges Material nur mit der [&hellip;]<\/p>\n","protected":false},"author":1,"featured_media":0,"parent":0,"menu_order":0,"comment_status":"closed","ping_status":"closed","template":"","meta":[],"_links":{"self":[{"href":"http:\/\/wscb.at\/index.php?rest_route=\/wp\/v2\/pages\/43"}],"collection":[{"href":"http:\/\/wscb.at\/index.php?rest_route=\/wp\/v2\/pages"}],"about":[{"href":"http:\/\/wscb.at\/index.php?rest_route=\/wp\/v2\/types\/page"}],"author":[{"embeddable":true,"href":"http:\/\/wscb.at\/index.php?rest_route=\/wp\/v2\/users\/1"}],"replies":[{"embeddable":true,"href":"http:\/\/wscb.at\/index.php?rest_route=%2Fwp%2Fv2%2Fcomments&post=43"}],"version-history":[{"count":1,"href":"http:\/\/wscb.at\/index.php?rest_route=\/wp\/v2\/pages\/43\/revisions"}],"predecessor-version":[{"id":44,"href":"http:\/\/wscb.at\/index.php?rest_route=\/wp\/v2\/pages\/43\/revisions\/44"}],"wp:attachment":[{"href":"http:\/\/wscb.at\/index.php?rest_route=%2Fwp%2Fv2%2Fmedia&parent=43"}],"curies":[{"name":"wp","href":"https:\/\/api.w.org\/{rel}","templated":true}]}}