{"id":410,"date":"2018-01-20T17:53:25","date_gmt":"2018-01-20T16:53:25","guid":{"rendered":"http:\/\/wscb.at\/?page_id=410"},"modified":"2018-02-21T19:00:10","modified_gmt":"2018-02-21T18:00:10","slug":"florida-2010","status":"publish","type":"page","link":"http:\/\/wscb.at\/?page_id=410","title":{"rendered":"Florida 2010"},"content":{"rendered":"<p>Endlich war es wieder soweit. Am 3 November 10h05 hoben wir, Philip, Ruth und ich von Z\u00fcrich <img loading=\"lazy\" class=\"size-medium wp-image-411 alignright\" src=\"http:\/\/wscb.at\/wp-content\/uploads\/2018\/01\/Florida-2010-300x225.jpg\" alt=\"\" width=\"300\" height=\"225\" srcset=\"http:\/\/wscb.at\/wp-content\/uploads\/2018\/01\/Florida-2010-300x225.jpg 300w, http:\/\/wscb.at\/wp-content\/uploads\/2018\/01\/Florida-2010.jpg 547w\" sizes=\"(max-width: 300px) 100vw, 300px\" \/>Kloten ab Richtung Philadelphia mit dem Ziel ins s\u00fcdlichere Orlando. Zu diesem Zeitpunkt wussten wir noch nicht, dass wir am Ende des Tages noch eine ordentliche \u00dcberraschung erfahren w\u00fcrden. Die \u00dcberraschung hie\u00df Michi, er war zuvor eine Woche gesch\u00e4ftlich in USA unterwegs und hat eine Woche im Camp beim Franz verl\u00e4ngert. Nat\u00fcrlich ohne mein Wissen und alle anderen mussten schweigen. Auch Heuer hatten wir uns pers\u00f6nliche Ziele vorgenommen, welche nicht alle erreicht hatten. Philip wollte 11 \/ 58 erreichen und ich 16 \/ 55. Tom aus Michigan der eine Woche sp\u00e4ter zu uns stie\u00df hatte 2 bei 12 \/ 55 vorgenommen. Michi konnte keine Ziele nennen und war in den ersten Tagen mit fremden Ski unterwegs, was f\u00fcr die Performance nicht wirklich gut war. Als wir dann kamen, konnte er wenigstens mit einem A1 vom Philip richtig loslegen und erreichte dann noch 5 bei 14 \/ 55. Tom hat am letzten Tag noch 4 \/ 12 erreicht und konnte nach einer Woche sehr zufrieden nach Hause reisen. Ich war mit meinem Ergebnis auch nicht ganz unzufrieden. Mit 3 bei 14 \/55 habe auch ich mein Ziel heuer locker erreicht. Wie schon erw\u00e4hnt, hat einer das Ziel heuer nicht erreicht. Aber ich m\u00f6chte ihn nicht verraten und schweige mal lieber. Es ist nicht ganz ausgeschlossen, dass sein Trainingsstil nicht ganz so erfolgreich war wie bei den anderen. Ach ja da waren noch die 2 kleinen Gators im Camp. Einer mit 2m und der andere mit 2,5m. Die st\u00f6rten uns beim Wasserskifahren nicht. Wir haben sie daf\u00fcr auch nicht gest\u00f6rt. Wir hatten einen Deal mit Ihnen. Das Wetter war nach 2 coolen Tagen richtig gut. Temperaturen tags\u00fcber zwischen 23 und 29 Grad waren geradezu perfekt und bis auf 2 bew\u00f6lkte Tage, Sonnenschein pur. Nebst den \u00fcblichen Shoppingtouren wie die Outlets und der Ski und Surf Performance, hatten wir noch ein American Footballmatch in Tampa besucht. Das waren imposante Eindr\u00fccke, gigantische Stadium Ausma\u00dfe f\u00fcr 50 \u2013 60.000 Zuschauer und sehr zivilisierter Ablauf des ganzen Geschehens. So ein Spiel dauert 3 Stunden. Ich m\u00f6chte das nicht im Sommer ausharren, denn mir war im November schon mehr als warm genug! Essenstechnisch haben wir unsere Gaumen im Ramshackle, Olive Garden und im Outback richtig verw\u00f6hnen lassen. Auch Franz hat Zuhause ein paar kleine H\u00e4ppchen gemacht, bis wir wie die toten Fliegen herumgelegen sind. Auch einige lustige Episoden hatten wir mit unserem Kollegen R\u00e4thus der uns fast t\u00e4glich besucht hat. Uns so kam es, dass die 2 1\/2 Wochen f\u00fcr uns, Philip musste eine Strafwoche l\u00e4nger bleiben, vor\u00fcber gingen. Es waren wieder richtig sch\u00f6ne Ferien mit vielen Wasserskirunden gewesen. <a href=\"http:\/\/wscb.at\/?bwg_gallery=florida-2010\" target=\"_blank\" rel=\"noopener\">Fotogalerie<\/a><\/p>\n<p><a href=\"http:\/\/wscb.at\/?page_id=109\">&lt;&lt; Zur\u00fcck<\/a><\/p>\n","protected":false},"excerpt":{"rendered":"<p>Endlich war es wieder soweit. Am 3 November 10h05 hoben wir, Philip, Ruth und ich von Z\u00fcrich Kloten ab Richtung Philadelphia mit dem Ziel ins s\u00fcdlichere Orlando. Zu diesem Zeitpunkt wussten wir noch nicht, dass wir am Ende des Tages noch eine ordentliche \u00dcberraschung erfahren w\u00fcrden. Die \u00dcberraschung hie\u00df Michi, er war zuvor eine Woche [&hellip;]<\/p>\n","protected":false},"author":2,"featured_media":0,"parent":109,"menu_order":7,"comment_status":"closed","ping_status":"closed","template":"","meta":[],"_links":{"self":[{"href":"http:\/\/wscb.at\/index.php?rest_route=\/wp\/v2\/pages\/410"}],"collection":[{"href":"http:\/\/wscb.at\/index.php?rest_route=\/wp\/v2\/pages"}],"about":[{"href":"http:\/\/wscb.at\/index.php?rest_route=\/wp\/v2\/types\/page"}],"author":[{"embeddable":true,"href":"http:\/\/wscb.at\/index.php?rest_route=\/wp\/v2\/users\/2"}],"replies":[{"embeddable":true,"href":"http:\/\/wscb.at\/index.php?rest_route=%2Fwp%2Fv2%2Fcomments&post=410"}],"version-history":[{"count":5,"href":"http:\/\/wscb.at\/index.php?rest_route=\/wp\/v2\/pages\/410\/revisions"}],"predecessor-version":[{"id":634,"href":"http:\/\/wscb.at\/index.php?rest_route=\/wp\/v2\/pages\/410\/revisions\/634"}],"up":[{"embeddable":true,"href":"http:\/\/wscb.at\/index.php?rest_route=\/wp\/v2\/pages\/109"}],"wp:attachment":[{"href":"http:\/\/wscb.at\/index.php?rest_route=%2Fwp%2Fv2%2Fmedia&parent=410"}],"curies":[{"name":"wp","href":"https:\/\/api.w.org\/{rel}","templated":true}]}}